{"id":5,"date":"2023-10-08T15:54:35","date_gmt":"2023-10-08T15:54:35","guid":{"rendered":"https:\/\/eimann-maurermeister.de\/?page_id=5"},"modified":"2023-10-09T07:16:24","modified_gmt":"2023-10-09T07:16:24","slug":"willkommen-auf-https-eimann-maurermeister-de","status":"publish","type":"page","link":"https:\/\/eimann-maurermeister.de\/","title":{"rendered":"Willkommen"},"content":{"rendered":"\n<p>Herzlich willkommen auf unserer Webseite! Wir sind Ihr vertrauensw\u00fcrdiger Partner im Mauerhandwerk. Unser erfahrenes Team von Mauermeistern steht Ihnen mit Expertise und Leidenschaft zur Seite. Egal ob es um Renovierungen, Neubauten oder individuelle Projekte geht &#8211; wir setzen Ihre Visionen um. Qualit\u00e4t und Kundenzufriedenheit stehen bei uns an erster Stelle. Entdecken Sie unsere vielf\u00e4ltigen Leistungen und Referenzen, um einen Einblick in unsere Arbeit zu erhalten. Wir freuen uns darauf, Sie bei Ihrem n\u00e4chsten Bauvorhaben zu unterst\u00fctzen. Z\u00f6gern Sie nicht, uns zu kontaktieren. Lassen Sie uns gemeinsam Ihre Tr\u00e4ume verwirklichen.<\/p>\n","protected":false},"excerpt":{"rendered":"<p>Herzlich willkommen auf unserer Webseite! Wir sind Ihr vertrauensw\u00fcrdiger Partner im Mauerhandwerk. Unser erfahrenes Team von Mauermeistern steht Ihnen mit Expertise und Leidenschaft zur Seite. Egal ob es um Renovierungen, [&hellip;]<\/p>\n","protected":false},"author":2,"featured_media":0,"parent":0,"menu_order":0,"comment_status":"closed","ping_status":"open","template":"","meta":{"_EventAllDay":false,"_EventTimezone":"","_EventStartDate":"","_EventEndDate":"","_EventStartDateUTC":"","_EventEndDateUTC":"","_EventShowMap":false,"_EventShowMapLink":false,"_EventURL":"","_EventCost":"","_EventCostDescription":"","_EventCurrencySymbol":"","_EventCurrencyCode":"","_EventCurrencyPosition":"","_EventDateTimeSeparator":"","_EventTimeRangeSeparator":"","_EventOrganizerID":[],"_EventVenueID":[],"_OrganizerEmail":"","_OrganizerPhone":"","_OrganizerWebsite":"","_VenueAddress":"","_VenueCity":"","_VenueCountry":"","_VenueProvince":"","_VenueState":"","_VenueZip":"","_VenuePhone":"","_VenueURL":"","_VenueStateProvince":"","_VenueLat":"","_VenueLng":"","_VenueShowMap":false,"_VenueShowMapLink":false,"footnotes":""},"class_list":["post-5","page","type-page","status-publish","hentry"],"_links":{"self":[{"href":"https:\/\/eimann-maurermeister.de\/index.php?rest_route=\/wp\/v2\/pages\/5","targetHints":{"allow":["GET"]}}],"collection":[{"href":"https:\/\/eimann-maurermeister.de\/index.php?rest_route=\/wp\/v2\/pages"}],"about":[{"href":"https:\/\/eimann-maurermeister.de\/index.php?rest_route=\/wp\/v2\/types\/page"}],"author":[{"embeddable":true,"href":"https:\/\/eimann-maurermeister.de\/index.php?rest_route=\/wp\/v2\/users\/2"}],"replies":[{"embeddable":true,"href":"https:\/\/eimann-maurermeister.de\/index.php?rest_route=%2Fwp%2Fv2%2Fcomments&post=5"}],"version-history":[{"count":3,"href":"https:\/\/eimann-maurermeister.de\/index.php?rest_route=\/wp\/v2\/pages\/5\/revisions"}],"predecessor-version":[{"id":46,"href":"https:\/\/eimann-maurermeister.de\/index.php?rest_route=\/wp\/v2\/pages\/5\/revisions\/46"}],"wp:attachment":[{"href":"https:\/\/eimann-maurermeister.de\/index.php?rest_route=%2Fwp%2Fv2%2Fmedia&parent=5"}],"curies":[{"name":"wp","href":"https:\/\/api.w.org\/{rel}","templated":true}]}}